{"id":9396,"date":"2025-08-13T18:35:49","date_gmt":"2025-08-13T18:35:49","guid":{"rendered":"https:\/\/shekhkilokollegen.de\/impressum\/"},"modified":"2025-08-25T17:14:17","modified_gmt":"2025-08-25T17:14:17","slug":"impressum","status":"publish","type":"page","link":"https:\/\/shekhkilokollegen.de\/en\/impressum\/","title":{"rendered":"IMPRESSUM"},"content":{"rendered":"\t\t<div data-elementor-type=\"wp-page\" data-elementor-id=\"9396\" class=\"elementor elementor-9396 elementor-9247\" data-elementor-post-type=\"page\">\n\t\t\t\t<div class=\"elementor-element elementor-element-0c15600 e-flex e-con-boxed e-con e-parent\" data-id=\"0c15600\" data-element_type=\"container\" data-e-type=\"container\">\n\t\t\t\t\t<div class=\"e-con-inner\">\n\t\t\t\t<div class=\"elementor-element elementor-element-e8d8c1b at-heading-animation at-animation-heading-none elementor-widget elementor-widget-heading\" data-id=\"e8d8c1b\" data-element_type=\"widget\" data-e-type=\"widget\" data-settings=\"{&quot;ekit_we_effect_on&quot;:&quot;none&quot;}\" data-widget_type=\"heading.default\">\n\t\t\t\t<div class=\"elementor-widget-container\">\n\t\t\t\t\t<h2 class=\"elementor-heading-title elementor-size-default\">IMPRESSUM\n\n<\/h2>\t\t\t\t<\/div>\n\t\t\t\t<\/div>\n\t\t\t\t<div class=\"elementor-element elementor-element-7245ec0 elementor-widget elementor-widget-text-editor\" data-id=\"7245ec0\" data-element_type=\"widget\" data-e-type=\"widget\" data-settings=\"{&quot;ekit_we_effect_on&quot;:&quot;none&quot;}\" data-widget_type=\"text-editor.default\">\n\t\t\t\t<div class=\"elementor-widget-container\">\n\t\t\t\t\t\t\t\t\t<p data-start=\"52\" data-end=\"129\">Zahnarztpraxis Shekh Kilo &amp; Kollegen<br data-start=\"71\" data-end=\"74\">Albert-Ro\u00dfhaupter-Stra\u00dfe 67<br data-start=\"101\" data-end=\"104\">81369 M\u00fcnchen<br data-start=\"117\" data-end=\"120\">Germany<\/p>\t\t\t\t\t\t\t\t<\/div>\n\t\t\t\t<\/div>\n\t\t\t\t\t<\/div>\n\t\t\t\t<\/div>\n\t\t<div class=\"elementor-element elementor-element-5cd2b89 e-flex e-con-boxed e-con e-parent\" data-id=\"5cd2b89\" data-element_type=\"container\" data-e-type=\"container\">\n\t\t\t\t\t<div class=\"e-con-inner\">\n\t\t\t\t<div class=\"elementor-element elementor-element-963da46 at-heading-animation at-animation-heading-none elementor-widget elementor-widget-heading\" data-id=\"963da46\" data-element_type=\"widget\" data-e-type=\"widget\" data-settings=\"{&quot;ekit_we_effect_on&quot;:&quot;none&quot;}\" data-widget_type=\"heading.default\">\n\t\t\t\t<div class=\"elementor-widget-container\">\n\t\t\t\t\t<h2 class=\"elementor-heading-title elementor-size-default\">Kontaktinformationen:\n<\/h2>\t\t\t\t<\/div>\n\t\t\t\t<\/div>\n\t\t\t\t<div class=\"elementor-element elementor-element-5bae192 elementor-widget elementor-widget-text-editor\" data-id=\"5bae192\" data-element_type=\"widget\" data-e-type=\"widget\" data-settings=\"{&quot;ekit_we_effect_on&quot;:&quot;none&quot;}\" data-widget_type=\"text-editor.default\">\n\t\t\t\t<div class=\"elementor-widget-container\">\n\t\t\t\t\t\t\t\t\t<p data-start=\"52\" data-end=\"129\">Telefon: +4917699552369<br data-start=\"182\" data-end=\"185\">E-mail: <a class=\"cursor-pointer\" rel=\"noopener\" data-start=\"193\" data-end=\"226\">zahnarztpraxisshekhkilo@gmail.com<\/a><\/p>\t\t\t\t\t\t\t\t<\/div>\n\t\t\t\t<\/div>\n\t\t\t\t\t<\/div>\n\t\t\t\t<\/div>\n\t\t<div class=\"elementor-element elementor-element-09e2254 e-flex e-con-boxed e-con e-parent\" data-id=\"09e2254\" data-element_type=\"container\" data-e-type=\"container\">\n\t\t\t\t\t<div class=\"e-con-inner\">\n\t\t\t\t<div class=\"elementor-element elementor-element-56eb608 at-heading-animation at-animation-heading-none elementor-widget elementor-widget-heading\" data-id=\"56eb608\" data-element_type=\"widget\" data-e-type=\"widget\" data-settings=\"{&quot;ekit_we_effect_on&quot;:&quot;none&quot;}\" data-widget_type=\"heading.default\">\n\t\t\t\t<div class=\"elementor-widget-container\">\n\t\t\t\t\t<h2 class=\"elementor-heading-title elementor-size-default\">Bevollm\u00e4chtigte Vertreter:\n<\/h2>\t\t\t\t<\/div>\n\t\t\t\t<\/div>\n\t\t\t\t<div class=\"elementor-element elementor-element-111bf69 elementor-widget elementor-widget-text-editor\" data-id=\"111bf69\" data-element_type=\"widget\" data-e-type=\"widget\" data-settings=\"{&quot;ekit_we_effect_on&quot;:&quot;none&quot;}\" data-widget_type=\"text-editor.default\">\n\t\t\t\t<div class=\"elementor-widget-container\">\n\t\t\t\t\t\t\t\t\t<p data-start=\"230\" data-end=\"282\">Halyna Shekh kilo<\/p><p data-start=\"284\" data-end=\"399\" data-is-last-node=\"\" data-is-only-node=\"\">Eingetragener Sitz: Germany<br data-start=\"311\" data-end=\"314\">Registergericht: Albert-ro\u00dfhaupter-Stra\u00dfe 67<br data-start=\"358\" data-end=\"361\">Handelsregisternummer: 81249 M\u00fcnchen<\/p>\t\t\t\t\t\t\t\t<\/div>\n\t\t\t\t<\/div>\n\t\t\t\t\t<\/div>\n\t\t\t\t<\/div>\n\t\t\t\t<\/div>\n\t\t","protected":false},"excerpt":{"rendered":"<p>IMPRESSUM Zahnarztpraxis Shekh Kilo &amp; KollegenAlbert-Ro\u00dfhaupter-Stra\u00dfe 6781369 M\u00fcnchenGermany Kontaktinformationen: Telefon: +4917699552369E-mail: zahnarztpraxisshekhkilo@gmail.com Bevollm\u00e4chtigte Vertreter: Halyna [&hellip;]<\/p>\n","protected":false},"author":1,"featured_media":0,"parent":0,"menu_order":0,"comment_status":"closed","ping_status":"closed","template":"","meta":{"footnotes":""},"class_list":["post-9396","page","type-page","status-publish","hentry"],"_links":{"self":[{"href":"https:\/\/shekhkilokollegen.de\/en\/wp-json\/wp\/v2\/pages\/9396","targetHints":{"allow":["GET"]}}],"collection":[{"href":"https:\/\/shekhkilokollegen.de\/en\/wp-json\/wp\/v2\/pages"}],"about":[{"href":"https:\/\/shekhkilokollegen.de\/en\/wp-json\/wp\/v2\/types\/page"}],"author":[{"embeddable":true,"href":"https:\/\/shekhkilokollegen.de\/en\/wp-json\/wp\/v2\/users\/1"}],"replies":[{"embeddable":true,"href":"https:\/\/shekhkilokollegen.de\/en\/wp-json\/wp\/v2\/comments?post=9396"}],"version-history":[{"count":1,"href":"https:\/\/shekhkilokollegen.de\/en\/wp-json\/wp\/v2\/pages\/9396\/revisions"}],"predecessor-version":[{"id":9398,"href":"https:\/\/shekhkilokollegen.de\/en\/wp-json\/wp\/v2\/pages\/9396\/revisions\/9398"}],"wp:attachment":[{"href":"https:\/\/shekhkilokollegen.de\/en\/wp-json\/wp\/v2\/media?parent=9396"}],"curies":[{"name":"wp","href":"https:\/\/api.w.org\/{rel}","templated":true}]}}